{"id":35,"date":"2023-10-16T11:28:38","date_gmt":"2023-10-16T14:28:38","guid":{"rendered":"https:\/\/blogmoriahtapetes.com.br\/?page_id=35"},"modified":"2023-10-17T13:26:23","modified_gmt":"2023-10-17T16:26:23","slug":"privacidade-e-seguranca","status":"publish","type":"page","link":"https:\/\/blogmoriahtapetes.com.br\/index.php\/privacidade-e-seguranca\/","title":{"rendered":"Privacidade e Seguran\u00e7a"},"content":{"rendered":"\n<p><em><strong>As pol\u00edticas de privacidade a seguir aplicam-se ao uso do site e blog da Moriah Tapetes&nbsp;<\/strong><\/em><br>&nbsp;<\/p>\n\n\n<div class=\"wp-block-image\">\n<figure class=\"alignleft size-full is-resized\"><img loading=\"lazy\" decoding=\"async\" width=\"940\" height=\"788\" src=\"https:\/\/blogmoriahtapetes.com.br\/wp-content\/uploads\/2023\/10\/Design-sem-nome-1-1.png\" alt=\"\" class=\"wp-image-147\" style=\"aspect-ratio:1.1928934010152283;width:290px;height:auto\" srcset=\"https:\/\/blogmoriahtapetes.com.br\/wp-content\/uploads\/2023\/10\/Design-sem-nome-1-1.png 940w, https:\/\/blogmoriahtapetes.com.br\/wp-content\/uploads\/2023\/10\/Design-sem-nome-1-1-300x251.png 300w, https:\/\/blogmoriahtapetes.com.br\/wp-content\/uploads\/2023\/10\/Design-sem-nome-1-1-768x644.png 768w\" sizes=\"(max-width: 940px) 100vw, 940px\" \/><\/figure><\/div>\n\n\n<ul>\n<li class=\"has-small-font-size\">O site Moriah Tapetes, respeita a privacidade de seus usu\u00e1rios e os protege em todas as atividades com a maior prioridade dentro da Internet. Isso significa que estamos comprometidos a tratar todas as informa\u00e7\u00f5es fornecidas por voc\u00ea com a maior integridade. Isso tamb\u00e9m inclui a coopera\u00e7\u00e3o com parceiros e terceiros. O site Moriah Tapetes, entretanto, n\u00e3o assume a responsabilidade de terceiros.<br>&nbsp;<\/li>\n\n\n\n<li class=\"has-small-font-size\">A Moriah Tapetes, declara que n\u00e3o armazena dados sens\u00edveis de acordo com a Lei n\u00ba 13.709\/2018, ou seja, dados pessoais que revelem a origem racial ou \u00e9tnica, opini\u00f5es pol\u00edticas e convic\u00e7\u00f5es religiosas ou filos\u00f3ficas, filia\u00e7\u00e3o sindical, dados relativos \u00e0 vida ou orienta\u00e7\u00e3o sexual da pessoa.<br>&nbsp;<\/li>\n\n\n\n<li class=\"has-small-font-size\">O site Moriah Tapetes mant\u00e9m os dados coletados armazenados em local seguro e mantidos sob sigilo, bem como processa dados pessoais de acordo com as disposi\u00e7\u00f5es estatut\u00e1rias aplic\u00e1veis, e na medida necess\u00e1ria para a satisfa\u00e7\u00e3o do relacionamento contratual entre o provedor e o usu\u00e1rio, ou ainda para fornecer os servi\u00e7os requisitados necess\u00e1rios e exigidos. Dados que o usu\u00e1rio tenha colocado no carrinho de compras podem ser utilizados pela Moriah Tapetes unicamente para seus pr\u00f3prios prop\u00f3sitos de Marketing. Al\u00e9m disso, de acordo com a lei cab\u00edvel, perfis de usu\u00e1rios an\u00f4nimos podem ser usados para prop\u00f3sitos internos de pesquisa de mercado e para melhorar a gama de produtos e servi\u00e7os. Informa\u00e7\u00e3o pessoal significa qualquer refer\u00eancia que o cliente da Moriah Tapetes forne\u00e7a a n\u00f3s e que possa ser usada para identificar um indiv\u00edduo (nome e sobrenome, endere\u00e7o, n\u00famero de telefone fixo e celular). Os dados pessoais ser\u00e3o transferidos por meio do sistema de codifica\u00e7\u00e3o SSL, pela Internet. Protegemos o nosso site e outros sistemas atrav\u00e9s de medidas t\u00e9cnicas e organizacionais contra perdas, destrui\u00e7\u00e3o, acesso, modifica\u00e7\u00e3o e distribui\u00e7\u00e3o dos seus dados por pessoas n\u00e3o autorizadas. Apesar dos controles reguladores, uma defesa completa contra todos os perigos n\u00e3o \u00e9 poss\u00edvel.<br>&nbsp;<\/li>\n\n\n\n<li class=\"has-small-font-size\">Este site est\u00e1 usando tecnologias fornecidas pelo Google Analytics (www.google.com) para coletar dados com prop\u00f3sitos de otimiza\u00e7\u00e3o. As informa\u00e7\u00f5es servem para a cria\u00e7\u00e3o de perfis de usu\u00e1rios sob um pseud\u00f4nimo. Pode-se usar cookies para esta finalidade. Tudo que for levantado n\u00e3o ser\u00e1 divulgado a terceiros e pode ser usado pelo Moriah Tapetes para apresentar ofertas e servi\u00e7os melhorados e individualizados aos usu\u00e1rios. Voc\u00ea pode impedir a instala\u00e7\u00e3o de cookies conforme descrito na se\u00e7\u00e3o. Entretanto, enfatizamos que nesse caso a funcionalidade deste site poder\u00e1 ser limitada.<br>&nbsp;<\/li>\n\n\n\n<li class=\"has-small-font-size\">N\u00f3s usamos os chamados &#8220;cookies&#8221; (pequenos pacotes de dados com informa\u00e7\u00f5es sobre as configura\u00e7\u00f5es de exibi\u00e7\u00e3o usadas ou o endere\u00e7o de IP, por exemplo) para melhorar nossos servi\u00e7os. Ao utilizar a op\u00e7\u00e3o \u201cPermanecer Conectado\u201d, o site armazenar\u00e1 os denominados cookies permanentes no seu dispositivo, de forma a garantir que voc\u00ea n\u00e3o precise se reconectar em visitas posteriores ao site, no entanto, esta fun\u00e7\u00e3o n\u00e3o estar\u00e1 dispon\u00edvel se a op\u00e7\u00e3o armazenamento de cookies estiver desativada no seu navegador. Voc\u00ea pode desabilitar o salvamento dos cookies em seu navegador (mais informa\u00e7\u00f5es sobre isso podem ser encontradas em &#8220;Extras &#8211; op\u00e7\u00f5es de internet&#8221; na barra de ferramentas do seu navegador). Para realizar pedidos no nosso site, os cookies precisam estar ativados.<br>&nbsp;<\/li>\n\n\n\n<li class=\"has-small-font-size\">O usu\u00e1rio tamb\u00e9m concorda com a divulga\u00e7\u00e3o de suas informa\u00e7\u00f5es a respeito de terceiros, na medida em que isso seja necess\u00e1rio para a satisfa\u00e7\u00e3o do relacionamento contratual entre a Moriah Tapetes e o cliente, assim como para melhorar o fornecimento dos servi\u00e7os requisitados e exigidos de acordo com o art. 7\u00ba, inciso V, da Lei 13.709\/18. Qualquer uso adicional dos dados, particularmente sua transmiss\u00e3o ou venda a outros pelo site Moriah Tapetes, \u00e9 proibido, exceto para o prop\u00f3sito acima mencionado ou se a transmiss\u00e3o das informa\u00e7\u00f5es a terceiros tiver sido explicitamente acordada.<br>&nbsp;<\/li>\n\n\n\n<li class=\"has-small-font-size\">O site Moriah Tapetes informar\u00e1 o usu\u00e1rio regularmente sobre os eventos especiais de vendas. O usu\u00e1rio tem o direito de recusar o envio de mensagens sobre eventos de vendas. A notifica\u00e7\u00e3o desse direito de recusa encontra-se anexa a todas as campanhas de vendas.<br>&nbsp;<\/li>\n\n\n\n<li class=\"has-small-font-size\">Todo usu\u00e1rio pode recusar o uso dos seus dados para prop\u00f3sitos de propaganda a qualquer momento, sem nenhuma explica\u00e7\u00e3o, entrando em contato atrav\u00e9s do email:atrav\u00e9s:&nbsp;<a href=\"mailto:contato@moriahtapetes.com.br\">contato@moriahtapetes.com.br<\/a>.<br>&nbsp;<\/li>\n\n\n\n<li class=\"has-small-font-size\">A Moriah Tapetes poder\u00e1 entrar em contato pelo WhatsApp para melhorar a sua experi\u00eancia. Mas fique atento, n\u00e3o solicitamos dados do seu cart\u00e3o ou enviamos boletos para pagamento por WhatsApp, a menos que seja solicitado pelo cliente. \u00c9 poss\u00edvel corrigir, bloquear ou apagar essas op\u00e7\u00f5es a qualquer momento. Nestes casos (ou se voc\u00ea tiver d\u00favidas, sugest\u00f5es e cr\u00edticas) contate-nos&nbsp;atrav\u00e9s: WhatsApp&nbsp;<a href=\"tel:(41) 9 9100-1744\" target=\"_blank\" rel=\"noreferrer noopener\">(41) 9 9100-1744<\/a>&nbsp;ou pelo E-mail&nbsp;<a href=\"mailto:contato@moriahtapetes.com.br\">contato@moriahtapetes.com.br<\/a>&nbsp;. Apenas tome cuidado na altera\u00e7\u00e3o dos dados. Informa\u00e7\u00f5es n\u00e3o ver\u00eddicas podem impedir a Moriah Tapetes &nbsp;de satisfazer seus deveres contratuais. Quaisquer responsabilidades do site ou a pretens\u00e3o de reivindica\u00e7\u00e3o de indeniza\u00e7\u00e3o ficam exclu\u00eddas neste caso.<br>&nbsp;<\/li>\n\n\n\n<li class=\"has-small-font-size\">A op\u00e7\u00e3o de solicitar a exclus\u00e3o do seu cadastro de nossa base de dados est\u00e1 dispon\u00edvel a qualquer momento, caso deseje. Estamos comprometidos em garantir a transpar\u00eancia e o controle sobre seus dados pessoais. Caso queira prosseguir com a exclus\u00e3o, por favor, entre em contato com nosso Time de Experi\u00eancia do Cliente atrav\u00e9s: WhatsApp&nbsp;<a href=\"tel:(41) 9 9100-1744\" target=\"_blank\" rel=\"noreferrer noopener\">(41) 9 9100-1744<\/a>&nbsp;ou pelo E-mail&nbsp;<a href=\"mailto:contato@moriahtapetes.com.br\">contato@moriahtapetes.com.br.<\/a><\/li>\n<\/ul>\n","protected":false},"excerpt":{"rendered":"<p>As pol\u00edticas de privacidade a seguir aplicam-se ao uso do site e blog da Moriah Tapetes&nbsp;&nbsp;<\/p>\n","protected":false},"author":1,"featured_media":0,"parent":0,"menu_order":0,"comment_status":"closed","ping_status":"closed","template":"","meta":{"_monsterinsights_skip_tracking":false,"_monsterinsights_sitenote_active":false,"_monsterinsights_sitenote_note":"","_monsterinsights_sitenote_category":0,"footnotes":""},"aioseo_notices":[],"_links":{"self":[{"href":"https:\/\/blogmoriahtapetes.com.br\/index.php\/wp-json\/wp\/v2\/pages\/35"}],"collection":[{"href":"https:\/\/blogmoriahtapetes.com.br\/index.php\/wp-json\/wp\/v2\/pages"}],"about":[{"href":"https:\/\/blogmoriahtapetes.com.br\/index.php\/wp-json\/wp\/v2\/types\/page"}],"author":[{"embeddable":true,"href":"https:\/\/blogmoriahtapetes.com.br\/index.php\/wp-json\/wp\/v2\/users\/1"}],"replies":[{"embeddable":true,"href":"https:\/\/blogmoriahtapetes.com.br\/index.php\/wp-json\/wp\/v2\/comments?post=35"}],"version-history":[{"count":5,"href":"https:\/\/blogmoriahtapetes.com.br\/index.php\/wp-json\/wp\/v2\/pages\/35\/revisions"}],"predecessor-version":[{"id":148,"href":"https:\/\/blogmoriahtapetes.com.br\/index.php\/wp-json\/wp\/v2\/pages\/35\/revisions\/148"}],"wp:attachment":[{"href":"https:\/\/blogmoriahtapetes.com.br\/index.php\/wp-json\/wp\/v2\/media?parent=35"}],"curies":[{"name":"wp","href":"https:\/\/api.w.org\/{rel}","templated":true}]}}