{"id":32,"date":"2023-10-16T11:28:37","date_gmt":"2023-10-16T14:28:37","guid":{"rendered":"https:\/\/blogmoriahtapetes.com.br\/?page_id=32"},"modified":"2024-06-20T17:35:41","modified_gmt":"2024-06-20T20:35:41","slug":"fretes-e-entregas","status":"publish","type":"page","link":"https:\/\/blogmoriahtapetes.com.br\/index.php\/fretes-e-entregas\/","title":{"rendered":"Fretes e Entregas"},"content":{"rendered":"<div class=\"wp-block-image\">\n<figure class=\"alignleft size-full is-resized\"><img loading=\"lazy\" decoding=\"async\" width=\"940\" height=\"788\" src=\"https:\/\/blogmoriahtapetes.com.br\/wp-content\/uploads\/2023\/10\/Design-sem-nome.png\" alt=\"\" class=\"wp-image-143\" style=\"width:174px;height:auto\" srcset=\"https:\/\/blogmoriahtapetes.com.br\/wp-content\/uploads\/2023\/10\/Design-sem-nome.png 940w, https:\/\/blogmoriahtapetes.com.br\/wp-content\/uploads\/2023\/10\/Design-sem-nome-300x251.png 300w, https:\/\/blogmoriahtapetes.com.br\/wp-content\/uploads\/2023\/10\/Design-sem-nome-768x644.png 768w\" sizes=\"(max-width: 940px) 100vw, 940px\" \/><\/figure><\/div>\n\n\n<p style=\"font-size:13px\"><br>Enviamos nossos tapetes por transportadora, e os capachos s\u00e3o enviados pelos Correios. O prazo de entrega, juntamente com o valor de custo do frete, pode ser conferido diretamente no carrinho, ao inserir o seu CEP.\u00a0<br><br>O prazo informado come\u00e7a a correr apenas ap\u00f3s aprova\u00e7\u00e3o de pagamento do pedido. Se estiver comprando um modelo sob encomenda, voc\u00ea ver\u00e1 embutido no prazo de entrega, o de produ\u00e7\u00e3o.<br><br>Para pedidos com produtos &#8220;<strong>A pronta-entrega<\/strong>&#8220;<strong>, o prazo para ser enviado ser\u00e1 de at\u00e9\u00a0<\/strong>2 (dois) dias \u00fateis<strong>, <\/strong>salvo aos finais de semana ou feriados, nesse caso o prazo come\u00e7a a correr no pr\u00f3ximo dia \u00fatil da semana. Em casos de pedidos com produtos<strong> <\/strong>&#8220;<strong>Sob encomenda<\/strong>&#8221; o prazo de produ\u00e7\u00e3o ser\u00e1 de\u00a0<strong>25 (vinte e cinco) dias \u00fateis.<\/strong><br><br>Aqui na Moriah Tapetes o acima de R$ 500,00 o\u00a0<strong>FRETE \u00c9 GR\u00c1TIS,<\/strong> e neste caso, o pedido ser\u00e1 enviado pela transportadora que atender os melhores crit\u00e9rios conforme o CEP indicado, levando em considera\u00e7\u00e3o o CEP de expedi\u00e7\u00e3o do Centro de Distribui\u00e7\u00e3o da Moriah Tapetes. Caso preferir, \u00e9 poss\u00edvel optar por outra op\u00e7\u00e3o de envio que n\u00e3o seja o frete gr\u00e1tis, mas neste caso, o valor do frete n\u00e3o ser\u00e1 arcado pela Moriah Tapetes, e sim, cobrado juntamente ao valor do produto no fechamento do pedido.\u00a0<br><br><strong>Em caso de d\u00favidas, entre em contato com a nossa equipe, pelo email: <a href=\"contato@moriahtapetes.com.br\" title=\"contato@moriahtapetes.com.br\">contato@moriahtapetes.com.br<\/a>\u00a0ou pelo nosso WhatsApp\u00a0<a href=\"https:\/\/api.whatsapp.com\/send\/?phone=5541991001744&amp;text=Preciso+de+ajuda&amp;type=phone_number&amp;app_absent=0\">+55 (41) 99100-1744<\/a><\/strong><\/p>\n","protected":false},"excerpt":{"rendered":"<p>Enviamos nossos tapetes por transportadora, e os capachos s\u00e3o enviados pelos Correios. O prazo de entrega, juntamente com o valor de custo do frete, pode ser conferido diretamente no carrinho, ao inserir o seu CEP.\u00a0 O prazo informado come\u00e7a a correr apenas ap\u00f3s aprova\u00e7\u00e3o de pagamento do pedido. Se estiver [&hellip;]<\/p>\n","protected":false},"author":1,"featured_media":0,"parent":0,"menu_order":0,"comment_status":"closed","ping_status":"closed","template":"","meta":{"_monsterinsights_skip_tracking":false,"_monsterinsights_sitenote_active":false,"_monsterinsights_sitenote_note":"","_monsterinsights_sitenote_category":0,"footnotes":""},"aioseo_notices":[],"_links":{"self":[{"href":"https:\/\/blogmoriahtapetes.com.br\/index.php\/wp-json\/wp\/v2\/pages\/32"}],"collection":[{"href":"https:\/\/blogmoriahtapetes.com.br\/index.php\/wp-json\/wp\/v2\/pages"}],"about":[{"href":"https:\/\/blogmoriahtapetes.com.br\/index.php\/wp-json\/wp\/v2\/types\/page"}],"author":[{"embeddable":true,"href":"https:\/\/blogmoriahtapetes.com.br\/index.php\/wp-json\/wp\/v2\/users\/1"}],"replies":[{"embeddable":true,"href":"https:\/\/blogmoriahtapetes.com.br\/index.php\/wp-json\/wp\/v2\/comments?post=32"}],"version-history":[{"count":7,"href":"https:\/\/blogmoriahtapetes.com.br\/index.php\/wp-json\/wp\/v2\/pages\/32\/revisions"}],"predecessor-version":[{"id":436,"href":"https:\/\/blogmoriahtapetes.com.br\/index.php\/wp-json\/wp\/v2\/pages\/32\/revisions\/436"}],"wp:attachment":[{"href":"https:\/\/blogmoriahtapetes.com.br\/index.php\/wp-json\/wp\/v2\/media?parent=32"}],"curies":[{"name":"wp","href":"https:\/\/api.w.org\/{rel}","templated":true}]}}