{"id":31,"date":"2023-10-16T11:28:37","date_gmt":"2023-10-16T14:28:37","guid":{"rendered":"https:\/\/blogmoriahtapetes.com.br\/?page_id=31"},"modified":"2023-11-07T14:21:54","modified_gmt":"2023-11-07T17:21:54","slug":"a-moriah-tapetes","status":"publish","type":"page","link":"https:\/\/blogmoriahtapetes.com.br\/index.php\/a-moriah-tapetes\/","title":{"rendered":"A Moriah Tapetes"},"content":{"rendered":"\n<div class=\"wp-block-cover is-light has-custom-content-position is-position-center-left\" style=\"min-height:437px\"><span aria-hidden=\"true\" class=\"wp-block-cover__background has-background-dim-0 has-background-dim\"><\/span><video class=\"wp-block-cover__video-background intrinsic-ignore\" autoplay muted loop playsinline src=\"https:\/\/blogmoriahtapetes.com.br\/wp-content\/uploads\/2023\/11\/Video-frases-sobre-imagens-de-paisagens-manuscrito-branco.mp4\" style=\"object-position:51% 53%\" data-object-fit=\"cover\" data-object-position=\"51% 53%\"><\/video><div class=\"wp-block-cover__inner-container is-layout-constrained wp-block-cover-is-layout-constrained\">\n<div class=\"wp-block-buttons is-vertical is-layout-flex wp-container-core-buttons-layout-1 wp-block-buttons-is-layout-flex\"><\/div>\n<\/div><\/div>\n\n\n\n<p class=\"has-small-font-size\">A Moriah tapetes foi idealizada por seus criadores para ser sin\u00f4nimo de tecnologia e versatilidade. Especializada em tapetes personalizados 100% nylon com alto padr\u00e3o, a marca desenvolve as mais diversas estampas, inspiradas nas tend\u00eancias mundiais.<\/p>\n\n\n\n<p class=\"has-small-font-size\">Com resultados encantadores, os tapetes se destacam por serem sint\u00e9ticos, hipoal\u00e9rgicos, pela sua maciez e f\u00e1cil manuten\u00e7\u00e3o. O excelente acabamento \u00e9 feito a m\u00e3o com toda aten\u00e7\u00e3o aos detalhes, prezando pela melhor qualidade para nossos clientes.<\/p>\n\n\n\n<div class=\"wp-block-buttons is-content-justification-center is-layout-flex wp-container-core-buttons-layout-2 wp-block-buttons-is-layout-flex\"><\/div>\n\n\n\n<p><\/p>\n","protected":false},"excerpt":{"rendered":"<p>A Moriah tapetes foi idealizada por seus criadores para ser sin\u00f4nimo de tecnologia e versatilidade. Especializada em tapetes personalizados 100% nylon com alto padr\u00e3o, a marca desenvolve as mais diversas estampas, inspiradas nas tend\u00eancias mundiais. Com resultados encantadores, os tapetes se destacam por serem sint\u00e9ticos, hipoal\u00e9rgicos, pela sua maciez e [&hellip;]<\/p>\n","protected":false},"author":1,"featured_media":0,"parent":0,"menu_order":0,"comment_status":"open","ping_status":"closed","template":"","meta":{"_monsterinsights_skip_tracking":false,"_monsterinsights_sitenote_active":false,"_monsterinsights_sitenote_note":"","_monsterinsights_sitenote_category":0,"footnotes":""},"aioseo_notices":[],"_links":{"self":[{"href":"https:\/\/blogmoriahtapetes.com.br\/index.php\/wp-json\/wp\/v2\/pages\/31"}],"collection":[{"href":"https:\/\/blogmoriahtapetes.com.br\/index.php\/wp-json\/wp\/v2\/pages"}],"about":[{"href":"https:\/\/blogmoriahtapetes.com.br\/index.php\/wp-json\/wp\/v2\/types\/page"}],"author":[{"embeddable":true,"href":"https:\/\/blogmoriahtapetes.com.br\/index.php\/wp-json\/wp\/v2\/users\/1"}],"replies":[{"embeddable":true,"href":"https:\/\/blogmoriahtapetes.com.br\/index.php\/wp-json\/wp\/v2\/comments?post=31"}],"version-history":[{"count":11,"href":"https:\/\/blogmoriahtapetes.com.br\/index.php\/wp-json\/wp\/v2\/pages\/31\/revisions"}],"predecessor-version":[{"id":210,"href":"https:\/\/blogmoriahtapetes.com.br\/index.php\/wp-json\/wp\/v2\/pages\/31\/revisions\/210"}],"wp:attachment":[{"href":"https:\/\/blogmoriahtapetes.com.br\/index.php\/wp-json\/wp\/v2\/media?parent=31"}],"curies":[{"name":"wp","href":"https:\/\/api.w.org\/{rel}","templated":true}]}}